{"id":374,"date":"2022-07-07T17:35:29","date_gmt":"2022-07-07T15:35:29","guid":{"rendered":"http:\/\/lag.unipv.it\/?page_id=374"},"modified":"2022-09-22T15:38:41","modified_gmt":"2022-09-22T13:38:41","slug":"nuove-forme-familiari","status":"publish","type":"page","link":"http:\/\/lag.unipv.it\/en\/progetti-di-ricerca\/progetti-di-ricerca-in-corso\/nuove-forme-familiari\/","title":{"rendered":"Nuove forme familiari"},"content":{"rendered":"<div class=\"wp-block-columns is-layout-flex wp-container-core-columns-is-layout-9d6595d7 wp-block-columns-is-layout-flex\">\n<div class=\"wp-block-column is-layout-flow wp-block-column-is-layout-flow\" style=\"flex-basis:33.33%\">\n<figure class=\"wp-block-image size-full\"><img decoding=\"async\" src=\"http:\/\/lag.unipv.it\/wp-content\/uploads\/2022\/07\/famarc.png\" alt=\"\" class=\"wp-image-381\"\/><\/figure>\n<\/div>\n\n\n\n<div class=\"wp-block-column is-layout-flow wp-block-column-is-layout-flow\" style=\"flex-basis:66.66%\">\n<p><strong>NUOVE FORME FAMILIARI: GENITORIALIT\u00c0, ATTACCAMENTO E BENESSERE PSICOLOGICO DEI BAMBINI<\/strong><\/p>\n\n\n\n<p>\u2022&nbsp;<strong>Gay father families created through surrogacy: A longitudinal study of children\u2019s psychological adjustment and parent-child relationships in middle childhood<\/strong>&nbsp;(finanziato da Society for the Psychological Study of Social Issues)&nbsp;<\/p>\n\n\n\n<p>Responsabile scientifico: Dott. Nicola Carone<\/p>\n\n\n\n<p>PUBBLICAZIONI<\/p>\n\n\n\n<p>&#8211; Carone, N., Barone, L., Manzi, D., Baiocco, R., Lingiardi, V., &amp; Kerns, K. (2020). Children\u2019s exploration of their surrogacy origins in gay two-father families: Longitudinal associations with child attachment security and parental scaffolding during discussions about conception.&nbsp;<em>Frontiers in Psychology<\/em>,&nbsp;<em>11<\/em>, 112. doi: 10.3389\/fpsyg.2020.00112&nbsp;&nbsp;<a href=\"http:\/\/lag.unipv.it\/wp-content\/uploads\/2022\/07\/CARONE_et_AL._2020_Fr_Psy_Childrens_Exploration_of_Their_Surrogacy_Origins_in_Gay_Two-Father_Families.pdf\" data-type=\"attachment\" data-id=\"375\" target=\"_blank\" rel=\"noreferrer noopener\">PDF<\/a><\/p>\n\n\n\n<p>\u2022&nbsp;<strong>Same-sex and different-sex parent families through assisted reproduction: Parenting, attachment, child adjustment, and neural correlates<\/strong>&nbsp;(finanziato dal Ministero dell\u2019Istruzione, dell\u2019Universit\u00e0 e della Ricerca, PRIN 2017)<br>Responsabile scientifico: Prof. Vittorio Lingiardi (Sapienza Universit\u00e0 di Roma)<br>Membri del gruppo di ricerca:<br>&#8211; Universit\u00e0 degli Studi di Pavia: Prof.ssa Lavinia Barone, Dott. Nicola Carone, Dott.ssa Demetria Manzi<br>&#8211; Sapienza Universit\u00e0 di Roma: Prof. Roberto Baiocco, Dott.ssa Laura Di Giunta, Prof.ssa Concetta Pastorelli, Prof.ssa Anna Maria Speranza<br>&#8211; Universit\u00e0 degli Studi di Trento: Prof.ssa Simona De Falco, Prof.ssa Paola Venuti<br>&#8211; Universit\u00e0 degli Studi di Padova: Dott.ssa Paola Rigo, Prof.ssa Alessandra Simonelli<\/p>\n\n\n\n<p><br>\u2022&nbsp;<strong>Socialization practices and child adjustment in same-sex parent families through assisted reproduction<\/strong><br>Responsabile scientifico: Dott. Nicola Carone in collaborazione con Prof.ssa Henny Bos (University of Amsterdam, Paesi Bassi), Prof. Salvatore D\u2019Amore (Universit\u00e9 Libre de Bruxelles, Belgio), Prof. Luis Moya-Albiol (University of Valencia), Dott.ssa B\u00e9n\u00e9dicte Mouton (University of Louvain, Belgio), Dott. Geva Shenkman (IDC Herzliya, Israele)<\/p>\n\n\n\n<p><br>\u2022&nbsp;<strong>Attaccamento, sensibilit\u00e0 genitoriale e disponibilit\u00e0 emotiva in famiglie omogenitoriali<\/strong><br>Responsabile scientifico: Dott. Nicola Carone in collaborazione con Prof.ssa Kathryn Kerns (Kent State University, Kent, Ohio) e Prof.ssa Laura Brumariu (Adelphi University, Garden City, New York)<\/p>\n\n\n\n<p>PUBBLICAZIONI<\/p>\n\n\n\n<p>&#8211;\u00a0 Carone, N., Baiocco, R., Lingiardi, V., &amp; Kerns, K. (2020). Child attachment security in gay father surrogacy families: Parents as safe havens and secure bases during middle childhood.\u00a0<em>Attachment &amp; Human Development<\/em>,\u00a0<em>22<\/em>(3), 269-289. doi: 10.1080\/14616734.2019.1588906\u00a0<a href=\"http:\/\/lag.unipv.it\/wp-content\/uploads\/2022\/07\/Carone_et_al._2020_AHD_Child_attachment_security_in_gay_father_surrogacy_families_Parents_as_safe_havens_and_secure_bases_during_middle_childhood.pdf\" data-type=\"attachment\" data-id=\"376\" target=\"_blank\" rel=\"noreferrer noopener\">PDF<\/a><\/p>\n\n\n\n<p><br>\u2022&nbsp;<strong>Bambini nati da procreazione medicalmente assistita in famiglie di genitori single: Genitorialit\u00e0, attaccamento e benessere psicologico<\/strong><br>Responsabile scientifico: Dott. Nicola Carone<\/p>\n\n\n\n<p>PUBBLICAZIONI<\/p>\n\n\n\n<p>&#8211; Carone, N., Barone, L., Lingiardi, V., Baiocco, R., &amp; Brodzinsky, D. (2021). Factors associated with behavioral adjustment in children of gay and heterosexual single fathers through surrogacy during middle childhood.&nbsp;<em>Developmental Psychology<\/em>,&nbsp;<em>57<\/em>(4), 535-547. doi: 10.1037\/dev0001155&nbsp;<a href=\"http:\/\/lag.unipv.it\/wp-content\/uploads\/2022\/07\/Carone_et_al._2021_DP_Factors_associated_with_behavioral_adjustment_among_school-age_children_of_gay_and_heterosexual_single_fathers_through_surrogacy.pdf\" data-type=\"attachment\" data-id=\"378\" target=\"_blank\" rel=\"noreferrer noopener\">PDF<\/a><\/p>\n\n\n\n<p>&#8211; Carone, N., Baiocco, R., Lingiardi, V. &amp; Barone, L. (2020). Gay and heterosexual single father families created by surrogacy: Father-child relationships, parenting quality, and children&#8217;s psychological adjustment.&nbsp;<em>Sexuality Research &amp; Social Policy<\/em>,&nbsp;<em>17<\/em>, 711-728. doi: 10.1007\/s13178-019-00428-7&nbsp;<a href=\"http:\/\/lag.unipv.it\/wp-content\/uploads\/2022\/07\/Carone_et_al._2020_SRSP_Gay_and_Heterosexual_Single_Father_Families_Created_by_Surrogacy.pdf\" data-type=\"attachment\" data-id=\"379\" target=\"_blank\" rel=\"noreferrer noopener\">PDF<\/a><\/p>\n\n\n\n<p><a href=\"http:\/\/193.204.47.35\/images\/Carone_et_al._2020_Sex_Res_Soc_Pol_Gay_and_Heterosexual_Single_Father_Families_Created_by_Surrogacy.pdf\">&nbsp;<\/a>&#8211; Carone, N., Lingiardi, V., Baiocco, R., &amp; Barone, L. (2020). Sensitivity and rough-and-tumble play in gay and heterosexual single-father families throguh surrogacy: The role of of microaggressions and fathers&#8217; rumination.&nbsp;<em>Psychology of Men and Masculinities<\/em>. Advance online publication. doi: 10.1037\/men0000267&nbsp;<a href=\"http:\/\/lag.unipv.it\/wp-content\/uploads\/2022\/07\/Carone_et_al._2020_Psy_Men_Masc_Sensitivity_and_RTP_in_GH_Single-Father_Families_Through_Surrogacy.pdf\" data-type=\"attachment\" data-id=\"380\" target=\"_blank\" rel=\"noreferrer noopener\">PDF<\/a><\/p>\n<\/div>\n<\/div>","protected":false},"excerpt":{"rendered":"<p>NUOVE FORME FAMILIARI: GENITORIALIT\u00c0, ATTACCAMENTO E BENESSERE PSICOLOGICO DEI BAMBINI \u2022&nbsp;Gay father families created through surrogacy: A longitudinal study of children\u2019s psychological adjustment and parent-child relationships in middle childhood&nbsp;(finanziato da Society for the Psychological Study of Social Issues)&nbsp; Responsabile scientifico: Dott. Nicola Carone PUBBLICAZIONI &#8211; Carone, N., Barone, L., Manzi, [&hellip;]<\/p>","protected":false},"author":4,"featured_media":0,"parent":142,"menu_order":0,"comment_status":"closed","ping_status":"closed","template":"","meta":{"_monsterinsights_skip_tracking":false,"_monsterinsights_sitenote_active":false,"_monsterinsights_sitenote_note":"","_monsterinsights_sitenote_category":0,"_themeisle_gutenberg_block_has_review":false,"footnotes":""},"class_list":["post-374","page","type-page","status-publish","hentry"],"_links":{"self":[{"href":"http:\/\/lag.unipv.it\/en\/wp-json\/wp\/v2\/pages\/374","targetHints":{"allow":["GET"]}}],"collection":[{"href":"http:\/\/lag.unipv.it\/en\/wp-json\/wp\/v2\/pages"}],"about":[{"href":"http:\/\/lag.unipv.it\/en\/wp-json\/wp\/v2\/types\/page"}],"author":[{"embeddable":true,"href":"http:\/\/lag.unipv.it\/en\/wp-json\/wp\/v2\/users\/4"}],"replies":[{"embeddable":true,"href":"http:\/\/lag.unipv.it\/en\/wp-json\/wp\/v2\/comments?post=374"}],"version-history":[{"count":3,"href":"http:\/\/lag.unipv.it\/en\/wp-json\/wp\/v2\/pages\/374\/revisions"}],"predecessor-version":[{"id":783,"href":"http:\/\/lag.unipv.it\/en\/wp-json\/wp\/v2\/pages\/374\/revisions\/783"}],"up":[{"embeddable":true,"href":"http:\/\/lag.unipv.it\/en\/wp-json\/wp\/v2\/pages\/142"}],"wp:attachment":[{"href":"http:\/\/lag.unipv.it\/en\/wp-json\/wp\/v2\/media?parent=374"}],"curies":[{"name":"wp","href":"https:\/\/api.w.org\/{rel}","templated":true}]}}