{"id":396,"date":"2022-07-07T17:54:08","date_gmt":"2022-07-07T15:54:08","guid":{"rendered":"http:\/\/lag.unipv.it\/?page_id=396"},"modified":"2022-09-22T15:55:21","modified_gmt":"2022-09-22T13:55:21","slug":"funzionamento-socio-emotivo-in-famiglie-omogenitoriali","status":"publish","type":"page","link":"http:\/\/lag.unipv.it\/en\/progetti-di-ricerca\/progetti-di-ricerca-conclusi\/funzionamento-socio-emotivo-in-famiglie-omogenitoriali\/","title":{"rendered":"Funzionamento socio-emotivo in famiglie omogenitoriali"},"content":{"rendered":"<div class=\"wp-block-columns is-layout-flex wp-container-core-columns-is-layout-9d6595d7 wp-block-columns-is-layout-flex\">\n<div class=\"wp-block-column is-layout-flow wp-block-column-is-layout-flow\" style=\"flex-basis:66.66%\">\n<p>Responsabile scientifico: Prof.ssa Lavinia Barone<\/p>\n\n\n\n<p>Membro del gruppo di ricerca: Dott. Antonio Dellagiulia<\/p>\n\n\n\n<p>PUBBLICAZIONI<\/p>\n\n\n\n<p>&#8211; Barone, L., Carta, A., &amp; Ozturk, Y. (2020). Social-emotional functioning in planned lesbian families: Does biological versus non-biological mother status matter? An Italian pilot study, Attachment &amp; Human Development, 22(1), 143-156. doi: 10.1080\/14616734.2018.1528620&nbsp;<a href=\"http:\/\/lag.unipv.it\/wp-content\/uploads\/2022\/07\/BARONE_CARTA__OZTURK_2020_AHD_Social-emotional_functioning_in_planned_lesbian_families._Does_biological_versus_non-biological_mother_status_matter._An_Italian_pilot_study.pdf\" data-type=\"attachment\" data-id=\"400\" target=\"_blank\" rel=\"noreferrer noopener\">PDF<\/a><\/p>\n\n\n\n<p>&#8211; Barone, L., &amp; Dellagiulia, A. (2017). Attaccamento e omogenitorialit\u00e0: uno studio sulla qualit\u00e0 della relazione genitori figli in et\u00e0 prescolare. In R. Baiocco, N. Carone, &amp; V. Lingiardi (a cura di), La famiglia da concepire. Il benessere dei bambini e delle bambine con genitori gay e lesbiche. Roma: Sapienza Universit\u00e0 Editrice.&nbsp;<a href=\"http:\/\/lag.unipv.it\/wp-content\/uploads\/2022\/07\/cap_barone_dellagiulia_La_famiglia_da_concepire_LIBRO_Bozza1_deleted_f5df2b90131b3fcaf3209ad1093f1074.pdf\" data-type=\"attachment\" data-id=\"397\" target=\"_blank\" rel=\"noreferrer noopener\">PDF<\/a><\/p>\n<\/div>\n<\/div>","protected":false},"excerpt":{"rendered":"<p>Responsabile scientifico: Prof.ssa Lavinia Barone Membro del gruppo di ricerca: Dott. Antonio Dellagiulia PUBBLICAZIONI &#8211; Barone, L., Carta, A., &amp; Ozturk, Y. (2020). Social-emotional functioning in planned lesbian families: Does biological versus non-biological mother status matter? An Italian pilot study, Attachment &amp; Human Development, 22(1), 143-156. doi: 10.1080\/14616734.2018.1528620&nbsp;PDF &#8211; Barone, [&hellip;]<\/p>","protected":false},"author":4,"featured_media":398,"parent":144,"menu_order":0,"comment_status":"closed","ping_status":"closed","template":"","meta":{"_monsterinsights_skip_tracking":false,"_monsterinsights_sitenote_active":false,"_monsterinsights_sitenote_note":"","_monsterinsights_sitenote_category":0,"_themeisle_gutenberg_block_has_review":false,"footnotes":""},"class_list":["post-396","page","type-page","status-publish","has-post-thumbnail","hentry"],"_links":{"self":[{"href":"http:\/\/lag.unipv.it\/en\/wp-json\/wp\/v2\/pages\/396","targetHints":{"allow":["GET"]}}],"collection":[{"href":"http:\/\/lag.unipv.it\/en\/wp-json\/wp\/v2\/pages"}],"about":[{"href":"http:\/\/lag.unipv.it\/en\/wp-json\/wp\/v2\/types\/page"}],"author":[{"embeddable":true,"href":"http:\/\/lag.unipv.it\/en\/wp-json\/wp\/v2\/users\/4"}],"replies":[{"embeddable":true,"href":"http:\/\/lag.unipv.it\/en\/wp-json\/wp\/v2\/comments?post=396"}],"version-history":[{"count":4,"href":"http:\/\/lag.unipv.it\/en\/wp-json\/wp\/v2\/pages\/396\/revisions"}],"predecessor-version":[{"id":808,"href":"http:\/\/lag.unipv.it\/en\/wp-json\/wp\/v2\/pages\/396\/revisions\/808"}],"up":[{"embeddable":true,"href":"http:\/\/lag.unipv.it\/en\/wp-json\/wp\/v2\/pages\/144"}],"wp:featuredmedia":[{"embeddable":true,"href":"http:\/\/lag.unipv.it\/en\/wp-json\/wp\/v2\/media\/398"}],"wp:attachment":[{"href":"http:\/\/lag.unipv.it\/en\/wp-json\/wp\/v2\/media?parent=396"}],"curies":[{"name":"wp","href":"https:\/\/api.w.org\/{rel}","templated":true}]}}